{"id":80,"date":"2015-03-03T13:08:11","date_gmt":"2015-03-03T13:08:11","guid":{"rendered":"http:\/\/kanaltouren.de\/?page_id=80"},"modified":"2015-03-04T18:42:14","modified_gmt":"2015-03-04T18:42:14","slug":"zubehoer","status":"publish","type":"page","link":"https:\/\/kanaltouren.de\/?page_id=80","title":{"rendered":"Zubeh\u00f6r"},"content":{"rendered":"<p>Alle Boote sind nach der Binnenschifffahrt-Sportbootvermietungsverordnung beim Wasser und Schifffahrtsamt angemeldet. F\u00fcr jedes Besatzungsmitglied steht eine komfortable Automatikrettungsweste zur Verf\u00fcgung. Wir empfehlen das Tragen bei allen Arbeiten an Bord, besonders beim An- und Ablegen sowie bei Schleusungen.<\/p>\n<p>Ausreichend Fender verzeihen kleine Rempler bei Man\u00f6vern im Hafen. Bootshaken und ausreichend Leinen nat\u00fcrlich vorhanden, Feuerl\u00f6scher sowie Verbandskasten sind an Bord. Die wichtigsten Signale und Regeln halten wir auf wasserfesten Tafeln bereit.<\/p>\n<p>Revierinformation sind an die Fahrstrecke angepasst. Der ganzen Mannschaft steht der auf dem Boot installierte <a href=\"http:\/\/maps.grade.de\/?zoom=11&amp;lat=51.57571&amp;lon=6.97265&amp;layers=0BFFFFFFFFFFFFFTT\" target=\"_blank\">Kartenserver<\/a> via W-LAN zur Verf\u00fcgung: Ohne Installation irgendwelcher Apps kann mit Smartphone oder Tablet die interaktive Karte angesehen und Informationen abgefragt werden. Skippern mit UBI Funkzeugnis steht eine Funkger\u00e4t zur Verf\u00fcgung. Allen anderen wird dringend die Mitnahme eines Mobiltelefons empfohlen.<\/p>\n<p>Unsere Boote sind trailerbar, d.h. wir k\u00f6nnen alle geeigneten Einsetzstellen im Revier ansteuern und Touren ganz auf die W\u00fcnsche der G\u00e4ste zuschneiden.<\/p>\n<p>Vermietung erfolgt nur an erfahrene und verantwortungsvolle Bootsf\u00fchrer(innen). Liegen keine Qualifikationen vor, weisen wir gerne in das entspannte Fahren auf unseren Kan\u00e4len und Fl\u00fcssen ein.<\/p>\n","protected":false},"excerpt":{"rendered":"<p>Alle Boote sind nach der Binnenschifffahrt-Sportbootvermietungsverordnung beim Wasser und Schifffahrtsamt angemeldet. F\u00fcr jedes Besatzungsmitglied steht eine komfortable Automatikrettungsweste zur Verf\u00fcgung. Wir empfehlen das Tragen bei allen Arbeiten an Bord, besonders beim An- und Ablegen sowie bei Schleusungen. Ausreichend Fender verzeihen kleine Rempler bei Man\u00f6vern im Hafen. Bootshaken und ausreichend Leinen nat\u00fcrlich vorhanden, Feuerl\u00f6scher sowie Verbandskasten [&hellip;]<\/p>\n","protected":false},"author":1,"featured_media":0,"parent":0,"menu_order":0,"comment_status":"closed","ping_status":"closed","template":"","meta":{"footnotes":""},"categories":[3],"tags":[17,14,15,16],"class_list":["post-80","page","type-page","status-publish","hentry","category-information","tag-ausruestung","tag-mannschaft","tag-schiffsfuehrer","tag-skipper"],"_links":{"self":[{"href":"https:\/\/kanaltouren.de\/index.php?rest_route=\/wp\/v2\/pages\/80","targetHints":{"allow":["GET"]}}],"collection":[{"href":"https:\/\/kanaltouren.de\/index.php?rest_route=\/wp\/v2\/pages"}],"about":[{"href":"https:\/\/kanaltouren.de\/index.php?rest_route=\/wp\/v2\/types\/page"}],"author":[{"embeddable":true,"href":"https:\/\/kanaltouren.de\/index.php?rest_route=\/wp\/v2\/users\/1"}],"replies":[{"embeddable":true,"href":"https:\/\/kanaltouren.de\/index.php?rest_route=%2Fwp%2Fv2%2Fcomments&post=80"}],"version-history":[{"count":7,"href":"https:\/\/kanaltouren.de\/index.php?rest_route=\/wp\/v2\/pages\/80\/revisions"}],"predecessor-version":[{"id":99,"href":"https:\/\/kanaltouren.de\/index.php?rest_route=\/wp\/v2\/pages\/80\/revisions\/99"}],"wp:attachment":[{"href":"https:\/\/kanaltouren.de\/index.php?rest_route=%2Fwp%2Fv2%2Fmedia&parent=80"}],"wp:term":[{"taxonomy":"category","embeddable":true,"href":"https:\/\/kanaltouren.de\/index.php?rest_route=%2Fwp%2Fv2%2Fcategories&post=80"},{"taxonomy":"post_tag","embeddable":true,"href":"https:\/\/kanaltouren.de\/index.php?rest_route=%2Fwp%2Fv2%2Ftags&post=80"}],"curies":[{"name":"wp","href":"https:\/\/api.w.org\/{rel}","templated":true}]}}