{"id":43,"date":"2015-03-03T09:20:25","date_gmt":"2015-03-03T09:20:25","guid":{"rendered":"http:\/\/kanaltouren.de\/?page_id=43"},"modified":"2015-03-04T18:56:48","modified_gmt":"2015-03-04T18:56:48","slug":"ueber-uns","status":"publish","type":"page","link":"https:\/\/kanaltouren.de\/?page_id=43","title":{"rendered":"\u00dcber uns"},"content":{"rendered":"<p>Ich m\u00f6chte meine Begeisterung f\u00fcr den Wassersport und das Ruhrgebiet mit diesem Projekt teilen.<\/p>\n<p>F\u00fcr <strong>kanaltouren.de<\/strong> verantwortlich:<\/p>\n<p style=\"padding-left: 30px;\">Dirk Eversmann<br \/>\nZiegelstra\u00dfe 122, 46539 Dinslaken<br \/>\nSteuernummer: 101\/5033\/1014<br \/>\nFon: 0700-47233033<br \/>\nFax: 0700-47233329<\/p>\n<p>Die Verantwortung f\u00fcr den Inhalt verlinkter Seiten kann ich nat\u00fcrlich nicht \u00fcbernehmen!<br \/>\nFotos: eigene, Binnenschiffe und Kanal von <a href=\"http:\/\/pixabay.com\/de\/users\/Joergelman-241223\/\" target=\"_blank\">Joerg Moeller<\/a><\/p>\n","protected":false},"excerpt":{"rendered":"<p>Ich m\u00f6chte meine Begeisterung f\u00fcr den Wassersport und das Ruhrgebiet mit diesem Projekt teilen. F\u00fcr kanaltouren.de verantwortlich: Dirk Eversmann Ziegelstra\u00dfe 122, 46539 Dinslaken Steuernummer: 101\/5033\/1014 Fon: 0700-47233033 Fax: 0700-47233329 Die Verantwortung f\u00fcr den Inhalt verlinkter Seiten kann ich nat\u00fcrlich nicht \u00fcbernehmen! Fotos: eigene, Binnenschiffe und Kanal von Joerg Moeller<\/p>\n","protected":false},"author":1,"featured_media":0,"parent":0,"menu_order":0,"comment_status":"closed","ping_status":"closed","template":"","meta":{"footnotes":""},"categories":[4,3],"tags":[],"class_list":["post-43","page","type-page","status-publish","hentry","category-impressum","category-information"],"_links":{"self":[{"href":"https:\/\/kanaltouren.de\/index.php?rest_route=\/wp\/v2\/pages\/43","targetHints":{"allow":["GET"]}}],"collection":[{"href":"https:\/\/kanaltouren.de\/index.php?rest_route=\/wp\/v2\/pages"}],"about":[{"href":"https:\/\/kanaltouren.de\/index.php?rest_route=\/wp\/v2\/types\/page"}],"author":[{"embeddable":true,"href":"https:\/\/kanaltouren.de\/index.php?rest_route=\/wp\/v2\/users\/1"}],"replies":[{"embeddable":true,"href":"https:\/\/kanaltouren.de\/index.php?rest_route=%2Fwp%2Fv2%2Fcomments&post=43"}],"version-history":[{"count":6,"href":"https:\/\/kanaltouren.de\/index.php?rest_route=\/wp\/v2\/pages\/43\/revisions"}],"predecessor-version":[{"id":105,"href":"https:\/\/kanaltouren.de\/index.php?rest_route=\/wp\/v2\/pages\/43\/revisions\/105"}],"wp:attachment":[{"href":"https:\/\/kanaltouren.de\/index.php?rest_route=%2Fwp%2Fv2%2Fmedia&parent=43"}],"wp:term":[{"taxonomy":"category","embeddable":true,"href":"https:\/\/kanaltouren.de\/index.php?rest_route=%2Fwp%2Fv2%2Fcategories&post=43"},{"taxonomy":"post_tag","embeddable":true,"href":"https:\/\/kanaltouren.de\/index.php?rest_route=%2Fwp%2Fv2%2Ftags&post=43"}],"curies":[{"name":"wp","href":"https:\/\/api.w.org\/{rel}","templated":true}]}}