{"id":153,"date":"2019-07-26T10:48:01","date_gmt":"2019-07-26T10:48:01","guid":{"rendered":"http:\/\/kanaltouren.de\/?page_id=153"},"modified":"2025-06-11T08:31:55","modified_gmt":"2025-06-11T08:31:55","slug":"datteln-hamm-kanal","status":"publish","type":"page","link":"https:\/\/kanaltouren.de\/?page_id=153","title":{"rendered":"Datteln-Hamm-Kanal"},"content":{"rendered":"<p>Must-See am DHK ist der Preussenhafen in L\u00fcnen: Historisches gepaart mit bester Infrastruktur und das als kostenloser Wasserwanderrastplatz! Die gr\u00f6\u00dfte Marina weit und breit befindet sich in R\u00fcnthe.<\/p>\n<h6>Verlauf:<\/h6>\n<ul>\n<li>km 0 Abzweig in den DHK vom <a href=\"https:\/\/kanaltouren.de\/?page_id=147\">DEK<\/a><\/li>\n<li>km 2 L Waltrop Yachthafen Ribbrock<\/li>\n<li>km 14 L Preu\u00dfenhafen L\u00fcnen, Wasserwanderrastplatz max.72h<\/li>\n<li>km 23 R Wasserwanderrastplatz (Nordufer, gegen\u00fcber der Marina)<\/li>\n<li>km 23 L Marina R\u00fcnthe<\/li>\n<li>km 32 L Club Nautico Hamm und Yachtclub Hamm<\/li>\n<li>km 36 L Wasserwanderrastplatz Hamm Innenstadt max.48h<\/li>\n<li>km 36 Schleuse Hamm<\/li>\n<li>km 39 L Wasserwanderrastplatz Bad Hamm max.48h<\/li>\n<li>km 40 Schleuse Werries<\/li>\n<li>km 41 L Wasserwanderrastplatz Hamm Maxipark max.48h<\/li>\n<li>km 47 Ende Gel\u00e4nde<\/li>\n<\/ul>\n<h6>Links:<\/h6>\n<ul>\n<li>https:\/\/de.wikipedia.org\/wiki\/Datteln-Hamm-Kanal<\/li>\n<li>https:\/\/www.skipperguide.de\/wiki\/Datteln-Hamm-Kanal<\/li>\n<li>&#8230;<\/li>\n<\/ul>\n","protected":false},"excerpt":{"rendered":"<p>Must-See am DHK ist der Preussenhafen in L\u00fcnen: Historisches gepaart mit bester Infrastruktur und das als kostenloser Wasserwanderrastplatz! Die gr\u00f6\u00dfte Marina weit und breit befindet sich in R\u00fcnthe. Verlauf: km 0 Abzweig in den DHK vom DEK km 2 L Waltrop Yachthafen Ribbrock km 14 L Preu\u00dfenhafen L\u00fcnen, Wasserwanderrastplatz max.72h km 23 R Wasserwanderrastplatz (Nordufer, [&hellip;]<\/p>\n","protected":false},"author":1,"featured_media":0,"parent":0,"menu_order":0,"comment_status":"closed","ping_status":"closed","template":"","meta":{"footnotes":""},"categories":[3],"tags":[],"class_list":["post-153","page","type-page","status-publish","hentry","category-information"],"_links":{"self":[{"href":"https:\/\/kanaltouren.de\/index.php?rest_route=\/wp\/v2\/pages\/153","targetHints":{"allow":["GET"]}}],"collection":[{"href":"https:\/\/kanaltouren.de\/index.php?rest_route=\/wp\/v2\/pages"}],"about":[{"href":"https:\/\/kanaltouren.de\/index.php?rest_route=\/wp\/v2\/types\/page"}],"author":[{"embeddable":true,"href":"https:\/\/kanaltouren.de\/index.php?rest_route=\/wp\/v2\/users\/1"}],"replies":[{"embeddable":true,"href":"https:\/\/kanaltouren.de\/index.php?rest_route=%2Fwp%2Fv2%2Fcomments&post=153"}],"version-history":[{"count":6,"href":"https:\/\/kanaltouren.de\/index.php?rest_route=\/wp\/v2\/pages\/153\/revisions"}],"predecessor-version":[{"id":198,"href":"https:\/\/kanaltouren.de\/index.php?rest_route=\/wp\/v2\/pages\/153\/revisions\/198"}],"wp:attachment":[{"href":"https:\/\/kanaltouren.de\/index.php?rest_route=%2Fwp%2Fv2%2Fmedia&parent=153"}],"wp:term":[{"taxonomy":"category","embeddable":true,"href":"https:\/\/kanaltouren.de\/index.php?rest_route=%2Fwp%2Fv2%2Fcategories&post=153"},{"taxonomy":"post_tag","embeddable":true,"href":"https:\/\/kanaltouren.de\/index.php?rest_route=%2Fwp%2Fv2%2Ftags&post=153"}],"curies":[{"name":"wp","href":"https:\/\/api.w.org\/{rel}","templated":true}]}}