{"id":151,"date":"2019-07-26T10:47:45","date_gmt":"2019-07-26T10:47:45","guid":{"rendered":"http:\/\/kanaltouren.de\/?page_id=151"},"modified":"2025-06-11T08:26:37","modified_gmt":"2025-06-11T08:26:37","slug":"wesel-datteln-kanal","status":"publish","type":"page","link":"https:\/\/kanaltouren.de\/?page_id=151","title":{"rendered":"Wesel-Datteln-Kanal"},"content":{"rendered":"<p>Der WDK ist etwas f\u00fcr Gr\u00fcn-Liebhaber: \u00dcberwiegend Felder und W\u00e4lder, vom Chemiepark Marl j\u00e4h unterbrochen. Der inoffizielle Name Lippe-Seitenkanal verr\u00e4t den Verlauf.<\/p>\n<h6>Verlauf:<\/h6>\n<ul>\n<li>km 0 M\u00fcndung des WDK in den <a href=\"https:\/\/kanaltouren.de\/?page_id=149\">Rhein<\/a><\/li>\n<li>km 1 R Hafen Emmelsum<\/li>\n<li>km 1 L Rhein-Lippe-Hafen<\/li>\n<li>km 2 Doppelschleuse Friedrichsfeld<\/li>\n<li>km 3 R Marina Munderloh hinter dem WSA-Bauhafen, man darf trotz der Sperrschilder einfahren<\/li>\n<li>km 4 L Wasserwanderrastplatz Friedrichsfeld max. 72h<\/li>\n<li>km 13 R Wasserwanderrastplatz H\u00fcnxe<\/li>\n<li>km 13 Doppelschleuse H\u00fcnxe<\/li>\n<li>km 27 R Hanse-Marina Dorsten<\/li>\n<li>km 28 R Wasserwanderrastplatz<\/li>\n<li>km 28 L Hafen Ruhrkohle, Dorstener Motor-Yacht-Club<\/li>\n<li>km 30 R Liegestelle f\u00fcr ein oder zwei Boote direkt an der Schleuse Dorsten mit Landverbindung max. 72h<\/li>\n<li>km 30 Schleuse Dorsten<\/li>\n<li>km 32 L Slipstelle mit Steg an der Buerer Stra\u00dfe<\/li>\n<li>km 33 L Yachtclub Marl<\/li>\n<li>km 46 R Wasserwanderrastplatz Bossendorf<\/li>\n<li>km 49 Schleuse Flaesheim<\/li>\n<li>km 50 R Kleine Liegestelle f\u00fcr ein (oder zwei) Boot an der Schleuse Flaesheim mit Landverbindung max. 72h<\/li>\n<li>km 51 R Marina Flaesheim<\/li>\n<li>km 56 Schleuse Ahsen<\/li>\n<li>km 59 R Bauhafen WSA, Sportbootliegestellen<\/li>\n<li>km 60 Schleuse Datteln<\/li>\n<li>km 60 R Wasserwanderrastplatz Datteln am Dattelner Meer<\/li>\n<li>km 60 Einm\u00fcndung in <a href=\"https:\/\/kanaltouren.de\/?page_id=147\">DEK<\/a><\/li>\n<\/ul>\n<h6>Links:<\/h6>\n<ul>\n<li>https:\/\/de.wikipedia.org\/wiki\/Wesel-Datteln-Kanal<\/li>\n<li>https:\/\/www.skipperguide.de\/wiki\/Wesel-Datteln-Kanal<\/li>\n<li>https:\/\/de.wikipedia.org\/wiki\/Chemiepark_Marl<\/li>\n<\/ul>\n","protected":false},"excerpt":{"rendered":"<p>Der WDK ist etwas f\u00fcr Gr\u00fcn-Liebhaber: \u00dcberwiegend Felder und W\u00e4lder, vom Chemiepark Marl j\u00e4h unterbrochen. Der inoffizielle Name Lippe-Seitenkanal verr\u00e4t den Verlauf. Verlauf: km 0 M\u00fcndung des WDK in den Rhein km 1 R Hafen Emmelsum km 1 L Rhein-Lippe-Hafen km 2 Doppelschleuse Friedrichsfeld km 3 R Marina Munderloh hinter dem WSA-Bauhafen, man darf trotz [&hellip;]<\/p>\n","protected":false},"author":1,"featured_media":0,"parent":0,"menu_order":0,"comment_status":"closed","ping_status":"closed","template":"","meta":{"footnotes":""},"categories":[3],"tags":[],"class_list":["post-151","page","type-page","status-publish","hentry","category-information"],"_links":{"self":[{"href":"https:\/\/kanaltouren.de\/index.php?rest_route=\/wp\/v2\/pages\/151","targetHints":{"allow":["GET"]}}],"collection":[{"href":"https:\/\/kanaltouren.de\/index.php?rest_route=\/wp\/v2\/pages"}],"about":[{"href":"https:\/\/kanaltouren.de\/index.php?rest_route=\/wp\/v2\/types\/page"}],"author":[{"embeddable":true,"href":"https:\/\/kanaltouren.de\/index.php?rest_route=\/wp\/v2\/users\/1"}],"replies":[{"embeddable":true,"href":"https:\/\/kanaltouren.de\/index.php?rest_route=%2Fwp%2Fv2%2Fcomments&post=151"}],"version-history":[{"count":5,"href":"https:\/\/kanaltouren.de\/index.php?rest_route=\/wp\/v2\/pages\/151\/revisions"}],"predecessor-version":[{"id":195,"href":"https:\/\/kanaltouren.de\/index.php?rest_route=\/wp\/v2\/pages\/151\/revisions\/195"}],"wp:attachment":[{"href":"https:\/\/kanaltouren.de\/index.php?rest_route=%2Fwp%2Fv2%2Fmedia&parent=151"}],"wp:term":[{"taxonomy":"category","embeddable":true,"href":"https:\/\/kanaltouren.de\/index.php?rest_route=%2Fwp%2Fv2%2Fcategories&post=151"},{"taxonomy":"post_tag","embeddable":true,"href":"https:\/\/kanaltouren.de\/index.php?rest_route=%2Fwp%2Fv2%2Ftags&post=151"}],"curies":[{"name":"wp","href":"https:\/\/api.w.org\/{rel}","templated":true}]}}