{"id":147,"date":"2019-07-26T10:47:07","date_gmt":"2019-07-26T10:47:07","guid":{"rendered":"http:\/\/kanaltouren.de\/?page_id=147"},"modified":"2025-06-11T08:28:13","modified_gmt":"2025-06-11T08:28:13","slug":"dortmund-ems-kanal","status":"publish","type":"page","link":"https:\/\/kanaltouren.de\/?page_id=147","title":{"rendered":"Dortmund-Ems-Kanal"},"content":{"rendered":"<p>DEK, der lange Weg zum Meer! Die wundersch\u00f6ne Fahrt Richtung Norden betrachten wir hier jedoch nur am Rande &#8230;<\/p>\n<h6>Verlauf:<\/h6>\n<ul>\n<li><strong>km 0 Dortmunder S\u00fcdhafen<\/strong>\n<ul>\n<li>km 0,2 Liegestelle f\u00fcr Sportboote Dortmund<\/li>\n<li>km 2,5 R Industriehafen Dortmund<\/li>\n<li>km 6,7 R Hafen Minister Achenbach<\/li>\n<li>km 11,2 R Hafen Waltrop<\/li>\n<li>km 14,7 Abstiegsbauwerke Henrichenburg \/ Waltrop<\/li>\n<li>km 15,2 R Im Unterwasser des alten Hebewerks Motorboot-Club L\u00fcdenscheid e.V.<br \/>\nkm 15,4 L Im Unterwasser des alten Hebewerks Yachthafen des Yachtclub Hebewerk Henrichenburg<br \/>\nkm 15,5 L Im Unterwasser der alten Schachtschleuse Motorbootclub L\u00fcnen<\/li>\n<\/ul>\n<\/li>\n<li><strong>km 15.5 Einm\u00fcndung <a href=\"https:\/\/kanaltouren.de\/?page_id=134\">RHK<\/a><\/strong>\n<ul>\n<li>&#8230;<\/li>\n<\/ul>\n<\/li>\n<li><strong>km 19.5 Abzweig <a href=\"https:\/\/kanaltouren.de\/?page_id=153\">DHK<\/a><\/strong>\n<ul>\n<li>20,0 L Datteln. Landtankstelle<\/li>\n<li>20,5 R Hafen Datteln<\/li>\n<li>21,0 L Dattelner Meer<\/li>\n<\/ul>\n<\/li>\n<li><strong>km 21.1 Abzweig <a href=\"https:\/\/kanaltouren.de\/?page_id=151\">WDK<\/a><\/strong>\n<ul>\n<li>29,6 R In der Alten Fahrt Yachtclub Dortmund-Ems e.V.<\/li>\n<li>29,6 L Slipanlage Olfen \/ \u00f6ffentliche Bootseinsetzstelle<\/li>\n<li>30,6 L Alten Fahrt Yachtclub Dortmund-Ems<\/li>\n<li>35,3 R Liegestelle f\u00fcr Sportboote L\u00fcdinghausen<\/li>\n<li>36,2 L Toter Arm Campingplatz mit Gastwirtschaft<\/li>\n<li>&#8230;.<\/li>\n<\/ul>\n<\/li>\n<li><strong>km 108.4 Abzweig MLK<\/strong>\n<ul>\n<li>&#8230;.<\/li>\n<\/ul>\n<\/li>\n<li><strong>km 139.8 Abzweig Ems-Vechte-Kanal<\/strong>\n<ul>\n<li>&#8230;<\/li>\n<\/ul>\n<\/li>\n<li><strong>km 178.1 Abzweig Haren-Rtenbrock-Kanal<\/strong>\n<ul>\n<li>&#8230;<\/li>\n<\/ul>\n<\/li>\n<li><strong>km Abzweig K\u00fcstenkanal<\/strong>\n<ul>\n<li>&#8230;<\/li>\n<\/ul>\n<\/li>\n<li><strong>km 225.8 Ende BinnenSchifffahrtsStra\u00dfe<\/strong>\n<ul>\n<li>Beginn SeeSchifffahrtsStra\u00dfe<\/li>\n<\/ul>\n<\/li>\n<\/ul>\n<h6>Links:<\/h6>\n<ul>\n<li>&#8230;<\/li>\n<\/ul>\n","protected":false},"excerpt":{"rendered":"<p>DEK, der lange Weg zum Meer! Die wundersch\u00f6ne Fahrt Richtung Norden betrachten wir hier jedoch nur am Rande &#8230; Verlauf: km 0 Dortmunder S\u00fcdhafen km 0,2 Liegestelle f\u00fcr Sportboote Dortmund km 2,5 R Industriehafen Dortmund km 6,7 R Hafen Minister Achenbach km 11,2 R Hafen Waltrop km 14,7 Abstiegsbauwerke Henrichenburg \/ Waltrop km 15,2 R [&hellip;]<\/p>\n","protected":false},"author":1,"featured_media":0,"parent":0,"menu_order":0,"comment_status":"closed","ping_status":"closed","template":"","meta":{"footnotes":""},"categories":[3],"tags":[],"class_list":["post-147","page","type-page","status-publish","hentry","category-information"],"_links":{"self":[{"href":"https:\/\/kanaltouren.de\/index.php?rest_route=\/wp\/v2\/pages\/147","targetHints":{"allow":["GET"]}}],"collection":[{"href":"https:\/\/kanaltouren.de\/index.php?rest_route=\/wp\/v2\/pages"}],"about":[{"href":"https:\/\/kanaltouren.de\/index.php?rest_route=\/wp\/v2\/types\/page"}],"author":[{"embeddable":true,"href":"https:\/\/kanaltouren.de\/index.php?rest_route=\/wp\/v2\/users\/1"}],"replies":[{"embeddable":true,"href":"https:\/\/kanaltouren.de\/index.php?rest_route=%2Fwp%2Fv2%2Fcomments&post=147"}],"version-history":[{"count":6,"href":"https:\/\/kanaltouren.de\/index.php?rest_route=\/wp\/v2\/pages\/147\/revisions"}],"predecessor-version":[{"id":196,"href":"https:\/\/kanaltouren.de\/index.php?rest_route=\/wp\/v2\/pages\/147\/revisions\/196"}],"wp:attachment":[{"href":"https:\/\/kanaltouren.de\/index.php?rest_route=%2Fwp%2Fv2%2Fmedia&parent=147"}],"wp:term":[{"taxonomy":"category","embeddable":true,"href":"https:\/\/kanaltouren.de\/index.php?rest_route=%2Fwp%2Fv2%2Fcategories&post=147"},{"taxonomy":"post_tag","embeddable":true,"href":"https:\/\/kanaltouren.de\/index.php?rest_route=%2Fwp%2Fv2%2Ftags&post=147"}],"curies":[{"name":"wp","href":"https:\/\/api.w.org\/{rel}","templated":true}]}}