{"id":134,"date":"2019-07-26T08:48:23","date_gmt":"2019-07-26T08:48:23","guid":{"rendered":"http:\/\/kanaltouren.de\/?page_id=134"},"modified":"2025-06-11T08:25:47","modified_gmt":"2025-06-11T08:25:47","slug":"rhein-herne-kanal","status":"publish","type":"page","link":"https:\/\/kanaltouren.de\/?page_id=134","title":{"rendered":"Rhein-Herne-Kanal"},"content":{"rendered":"<p>Der RHK bietet ordentlich Abwechslung: Von B\u00e4umen ges\u00e4umte Passagen wechseln stetig mit Industriekultur. Lohnende Zwischenstops sind reichlich vorhanden, nicht immer mit optimalen Festmachm\u00f6glichkeiten. Die 5 Schleusen sorgen f\u00fcr Kurzweil, Herne-Ost zu Tal hingegen meist f\u00fcr l\u00e4ngere Wartezeit. Der Regionalverband Ruhr bewirbt die Wasserstra\u00dfe gerne als <em>Kulturkanal.<\/em><\/p>\n<h6>Verlauf:<\/h6>\n<ul>\n<li>km 45 Vorhafen altes Schiffshebewerk Henrichenburg, \u00dcbergang in <a href=\"https:\/\/kanaltouren.de\/?page_id=147\">DEK<\/a><\/li>\n<li>km 44 Sperrtor<\/li>\n<li>km 43 R Altarm<\/li>\n<li>km 42 Emscher D\u00fcker<\/li>\n<li>km 42 R Altarm<\/li>\n<li>km 41 L Hafen Luck<\/li>\n<li>km 41 L Hafen Baustoffwerk<\/li>\n<li>km 40 L Hafen R\u00fctgers<\/li>\n<li>km 40 L Hafen Victor<\/li>\n<li>km 38 R Emshafen (AMC Castrop-Rauxel)<\/li>\n<li>km 38 L Hafen Friedrich der Gro\u00dfe<\/li>\n<li>km 38 R Hafen K\u00f6nig Ludwig (AMC Castrop-Rauxel)<\/li>\n<li>km 37 L Liegehafen Herne (Kanu und Ski Club Herne und Wassersportverein Herne)<\/li>\n<li>km 37 R Zulauf Pumpwerk, Sportboot-Wartesteiger<\/li>\n<li>km 37 Schleusengruppe Herne-Ost UKW-Kanal 22, +49 2323 9850-200<\/li>\n<li>km 36 R Zulauf Pumpwerk, Sportboot-Wartesteiger<\/li>\n<li>km 35 L Bauhafen Wasser- und Schifffahrtsverwaltung<\/li>\n<li>km 34 R Stadthafen Recklinghausen (Wasserwanderrastplatz)<\/li>\n<li>km 33 R Hafen Recklinghausen<\/li>\n<li>km 32 R Hafen Julia<\/li>\n<li>km 31 L Hafen Wanne-Ost<\/li>\n<li>km 31 R Sportboot-Wartesteiger<\/li>\n<li>km 31 Schleuse Wanne-Eickel UKW-Kanal 78, +49 2325 70413<\/li>\n<li>km 31 R Vorhafen alte Kammer, Sportboot-Wartesteiger (kein Landgang)<\/li>\n<li>km 30 R Hafen Wanne-West<\/li>\n<li>km 29 R K\u00fcnstlerzeche <em>Unser Fritz<\/em>, Biergarten <em>UFO<\/em><\/li>\n<li>km 28 L Hafen Grimberg<\/li>\n<li>km 27 ZOOM Br\u00fccke aka Grimberger Sichel<\/li>\n<li>km 26 L Hafen Graf Bismarck (Marina, Gastronomie)<\/li>\n<li>km 25 R Hafen Hugo<\/li>\n<li>km 24 L Stadthafen Gelsenkirchen<\/li>\n<li>km 23 L Zulauf Pumpwerk, Sportboot-Wartesteiger (kein Landgang)<\/li>\n<li>km 23 Schleusengruppe Gelsenkirchen UKW-Kanal 79, +49 209 43194<\/li>\n<li>km 22 L Zulauf Pumpwerk, Sportboot-Wartesteiger (kein Landgang)<\/li>\n<li>km 22 R Hafen Ruhr\u00f6l 1<\/li>\n<li>km 22 R Hafen Ruhr\u00f6l 2<\/li>\n<li>km 21 R Hafen Ruhr\u00f6l 3<\/li>\n<li>km 21 Br\u00fccke Nordsternpark<\/li>\n<li>km 21 R Amphitheater Gelsenkirchen<\/li>\n<li>km 20 R Hafen Karnap<\/li>\n<li>km 18 R Hafen Mathias Stinnes<\/li>\n<li>km 17 L Hafen C\u00f6ln-Neuessen<\/li>\n<li>km 16 R Hafen Bottrop<\/li>\n<li>km 16 L Stadthafen Essen<\/li>\n<li>km 15 L Hafen KSV<\/li>\n<li>km 15 R Hafen Bottrop Ruhr \u00d6l<\/li>\n<li>km 15 R Hafen Prosper<\/li>\n<li>km 14 L Hafen K\u00f6nig Wilhelm<\/li>\n<li>km 13 R Steganlage<\/li>\n<li>km 12 R Liegestelle Borbeck (nur Kegelschiffe)<\/li>\n<li>km 11 Br\u00fccke Ripshorst<\/li>\n<li>km 10 L Marina Oberhausen<\/li>\n<li>km 10 L Wasserwanderrastplatz Gasometer Oberhausen<\/li>\n<li>km 8 Slinky Springs Br\u00fccke Kaisergarten<\/li>\n<li>km 8 R Hafen GHH<\/li>\n<li>km 8 L Hafen Concordia<\/li>\n<li>km 5 Sportboot-Hafen Oberhausen<\/li>\n<li>km 5 Schleusengruppe Oberhausen UKW-Kanal 81, +49 208 21611<\/li>\n<li>km 4 R Liegehafen Neum\u00fchl<\/li>\n<li>km 4 R Hafen R\u00fcttgerswerke<\/li>\n<li>km 2 R Kanalhafen<\/li>\n<li>km 1 L Verbindungskanal zur <a href=\"https:\/\/kanaltouren.de\/?page_id=132\">Ruhr<\/a><\/li>\n<li>km 0 Schleuse Duisburg-Meiderich UKW-Kanal 82, +49 203 4504-210<\/li>\n<li>km 0 R Vorhafen Sportboot-Wartesteiger (kein Landgang)<\/li>\n<li>km 0 \u00dcbergang in Hafenkanal, Zugang zum <a href=\"https:\/\/kanaltouren.de\/?page_id=149\">Rhein<\/a> und Hafenbecken A, B, C<\/li>\n<\/ul>\n<h6>Links:<\/h6>\n<ul>\n<li><a href=\"https:\/\/de.wikipedia.org\/wiki\/Rhein-Herne-Kanal\" target=\"_blank\" rel=\"noopener noreferrer\">https:\/\/de.wikipedia.org\/wiki\/Rhein-Herne-Kanal<\/a><\/li>\n<li><a href=\"http:\/\/www.wsa-duisburg-meiderich.wsv.de\/Wasserstrassen\/Westdeutsche-Kanaele\/Rhein-Herne-Kanal\/index.html\" target=\"_blank\" rel=\"noopener noreferrer\">http:\/\/www.wsa-duisburg-meiderich.wsv.de\/Wasserstrassen\/Westdeutsche-Kanaele\/Rhein-Herne-Kanal\/index.html<\/a><\/li>\n<li><a href=\"https:\/\/www.kulturkanal.ruhr\/\" target=\"_blank\" rel=\"noopener noreferrer\">https:\/\/www.kulturkanal.ruhr\/<\/a><\/li>\n<li><a href=\"https:\/\/www.skipperguide.de\/wiki\/Rhein-Herne-Kanal\" target=\"_blank\" rel=\"noopener noreferrer\">https:\/\/www.skipperguide.de\/wiki\/Rhein-Herne-Kanal<\/a><\/li>\n<li><a href=\"https:\/\/www.lwl.org\/industriemuseum\/standorte\/schiffshebewerk-henrichenburg\" target=\"_blank\" rel=\"noopener noreferrer\">https:\/\/www.lwl.org\/industriemuseum\/standorte\/schiffshebewerk-henrichenburg<\/a><\/li>\n<li><a href=\"http:\/\/www.amc-wassersport.de\/\" target=\"_blank\" rel=\"noopener noreferrer\">http:\/\/www.amc-wassersport.de\/<\/a><\/li>\n<li><a href=\"https:\/\/ksc-herne.jimdo.com\/\" target=\"_blank\" rel=\"noopener noreferrer\">https:\/\/ksc-herne.jimdo.com\/<\/a><\/li>\n<li><a href=\"http:\/\/www.wsv-herne.de\/\" target=\"_blank\" rel=\"noopener noreferrer\">http:\/\/www.wsv-herne.de\/<\/a><\/li>\n<li><a href=\"http:\/\/www.stadthafen.com\/\" target=\"_blank\" rel=\"noopener noreferrer\">http:\/\/www.stadthafen.com\/<\/a><\/li>\n<li><a href=\"http:\/\/www.kuenstlerzeche.de\" target=\"_blank\" rel=\"noopener noreferrer\">http:\/\/www.kuenstlerzeche.de<\/a><\/li>\n<li><a href=\"https:\/\/de-de.facebook.com\/ufostrandbar\/\" target=\"_blank\" rel=\"noopener noreferrer\">https:\/\/de-de.facebook.com\/ufostrandbar\/<\/a><\/li>\n<li><a href=\"https:\/\/stoelting-marina.de\/\" target=\"_blank\" rel=\"noopener noreferrer\">https:\/\/stoelting-marina.de\/<\/a><\/li>\n<li><a href=\"https:\/\/www.marinekameradschaft-bottrop.de\/\" target=\"_blank\" rel=\"noopener noreferrer\">https:\/\/www.marinekameradschaft-bottrop.de\/<\/a><\/li>\n<li><a href=\"http:\/\/www.marina-oberhausen.de\/\" target=\"_blank\" rel=\"noopener noreferrer\">http:\/\/www.marina-oberhausen.de\/<\/a><\/li>\n<li><a href=\"https:\/\/www.gasometer.de\" target=\"_blank\" rel=\"noopener noreferrer\">https:\/\/www.gasometer.de<\/a><\/li>\n<li><a href=\"https:\/\/www.duisport.de\/hafeninformation\/schiffservice\/\" target=\"_blank\" rel=\"noopener noreferrer\">https:\/\/www.duisport.de\/hafeninformation\/schiffservice\/<\/a><\/li>\n<\/ul>\n","protected":false},"excerpt":{"rendered":"<p>Der RHK bietet ordentlich Abwechslung: Von B\u00e4umen ges\u00e4umte Passagen wechseln stetig mit Industriekultur. Lohnende Zwischenstops sind reichlich vorhanden, nicht immer mit optimalen Festmachm\u00f6glichkeiten. Die 5 Schleusen sorgen f\u00fcr Kurzweil, Herne-Ost zu Tal hingegen meist f\u00fcr l\u00e4ngere Wartezeit. Der Regionalverband Ruhr bewirbt die Wasserstra\u00dfe gerne als Kulturkanal. Verlauf: km 45 Vorhafen altes Schiffshebewerk Henrichenburg, \u00dcbergang in [&hellip;]<\/p>\n","protected":false},"author":1,"featured_media":0,"parent":0,"menu_order":0,"comment_status":"closed","ping_status":"closed","template":"","meta":{"footnotes":""},"categories":[3],"tags":[],"class_list":["post-134","page","type-page","status-publish","hentry","category-information"],"_links":{"self":[{"href":"https:\/\/kanaltouren.de\/index.php?rest_route=\/wp\/v2\/pages\/134","targetHints":{"allow":["GET"]}}],"collection":[{"href":"https:\/\/kanaltouren.de\/index.php?rest_route=\/wp\/v2\/pages"}],"about":[{"href":"https:\/\/kanaltouren.de\/index.php?rest_route=\/wp\/v2\/types\/page"}],"author":[{"embeddable":true,"href":"https:\/\/kanaltouren.de\/index.php?rest_route=\/wp\/v2\/users\/1"}],"replies":[{"embeddable":true,"href":"https:\/\/kanaltouren.de\/index.php?rest_route=%2Fwp%2Fv2%2Fcomments&post=134"}],"version-history":[{"count":11,"href":"https:\/\/kanaltouren.de\/index.php?rest_route=\/wp\/v2\/pages\/134\/revisions"}],"predecessor-version":[{"id":194,"href":"https:\/\/kanaltouren.de\/index.php?rest_route=\/wp\/v2\/pages\/134\/revisions\/194"}],"wp:attachment":[{"href":"https:\/\/kanaltouren.de\/index.php?rest_route=%2Fwp%2Fv2%2Fmedia&parent=134"}],"wp:term":[{"taxonomy":"category","embeddable":true,"href":"https:\/\/kanaltouren.de\/index.php?rest_route=%2Fwp%2Fv2%2Fcategories&post=134"},{"taxonomy":"post_tag","embeddable":true,"href":"https:\/\/kanaltouren.de\/index.php?rest_route=%2Fwp%2Fv2%2Ftags&post=134"}],"curies":[{"name":"wp","href":"https:\/\/api.w.org\/{rel}","templated":true}]}}