{"id":10,"date":"2015-03-02T15:24:21","date_gmt":"2015-03-02T15:24:21","guid":{"rendered":"http:\/\/kanaltouren.de\/?page_id=10"},"modified":"2019-07-26T10:49:58","modified_gmt":"2019-07-26T10:49:58","slug":"entdecke-das-ruhrgebiet-aus-einer-neuen-perspektive","status":"publish","type":"page","link":"https:\/\/kanaltouren.de\/","title":{"rendered":"Entdecke das Ruhrgebiet aus einer neuen Perspektive!"},"content":{"rendered":"<table style=\"border: none;\">\n<tbody>\n<tr>\n<td style=\"vertical-align: top; text-align: justify; border: none;\">Das Revier ist von Kan\u00e4len umschlungen:<br \/>\nN\u00f6rdlich der <a href=\"http:\/\/kanaltouren.de\/?page_id=151\"><em>Wesel-Datteln-Kanal<\/em><\/a>, im Osten ein St\u00fcckchen <a href=\"http:\/\/kanaltouren.de\/?page_id=147\"><em>Dortmund-Ems-Kanal<\/em><\/a>, der<a href=\"http:\/\/kanaltouren.de\/?page_id=134\"><em> Rhein Herne-Kanal<\/em><\/a> im S\u00fcden, den westlichen Rahmen bildet der <a href=\"http:\/\/kanaltouren.de\/?page_id=149\"><em>Rhein<\/em><\/a>. Damit nicht genug, namensgebend dazu die <a href=\"http:\/\/kanaltouren.de\/?page_id=132\"><em>Ruhr<\/em><\/a> im S\u00fcdwesten sowie <a href=\"http:\/\/kanaltouren.de\/?page_id=153\"><em>Datteln-Hamm-Kanal<\/em><\/a> Richtung Osten und das letzte St\u00fcck <a href=\"http:\/\/kanaltouren.de\/?page_id=147\"><em>DEK<\/em><\/a> gen Dortmund.<\/td>\n<td style=\"border: none;\"><a href=\"https:\/\/kanaltouren.de\/wordpress\/wp-content\/uploads\/2015\/03\/ruhrgebiet.jpeg\"><img loading=\"lazy\" decoding=\"async\" class=\" size-medium wp-image-85 alignnone\" src=\"https:\/\/kanaltouren.de\/wordpress\/wp-content\/uploads\/2015\/03\/ruhrgebiet-300x194.jpeg\" alt=\"ruhrgebiet\" width=\"300\" height=\"194\" srcset=\"https:\/\/kanaltouren.de\/wordpress\/wp-content\/uploads\/2015\/03\/ruhrgebiet-300x194.jpeg 300w, https:\/\/kanaltouren.de\/wordpress\/wp-content\/uploads\/2015\/03\/ruhrgebiet-1024x662.jpeg 1024w, https:\/\/kanaltouren.de\/wordpress\/wp-content\/uploads\/2015\/03\/ruhrgebiet-980x634.jpeg 980w, https:\/\/kanaltouren.de\/wordpress\/wp-content\/uploads\/2015\/03\/ruhrgebiet.jpeg 1121w\" sizes=\"auto, (max-width: 300px) 100vw, 300px\" \/><\/a><\/td>\n<\/tr>\n<\/tbody>\n<\/table>\n<table style=\"border: none;\">\n<tbody>\n<tr>\n<td style=\"border: none;\"><a href=\"https:\/\/kanaltouren.de\/wordpress\/wp-content\/uploads\/2015\/03\/frachtschiff-346280_640.jpg\"><img loading=\"lazy\" decoding=\"async\" class=\" size-medium wp-image-7 alignnone\" src=\"https:\/\/kanaltouren.de\/wordpress\/wp-content\/uploads\/2015\/03\/frachtschiff-346280_640-300x199.jpg\" alt=\"frachtschiff-346280_640\" width=\"300\" height=\"199\" srcset=\"https:\/\/kanaltouren.de\/wordpress\/wp-content\/uploads\/2015\/03\/frachtschiff-346280_640-300x199.jpg 300w, https:\/\/kanaltouren.de\/wordpress\/wp-content\/uploads\/2015\/03\/frachtschiff-346280_640.jpg 640w\" sizes=\"auto, (max-width: 300px) 100vw, 300px\" \/><\/a><\/td>\n<td style=\"vertical-align: top; text-align: justify; border: none;\">Mit dem Fahrrad haben bestimmt schon viele die Ufer erkundet, mancher vielleicht sogar ein Bad im Kanal genommen. Ein ganz anderer Blick bietet sich von Bord eines Bootes, <a title=\"Mit dem offenen Motorboot unterwegs\" href=\"http:\/\/kanaltouren.de\/?page_id=19\">einsteigen bitte<\/a><\/td>\n<\/tr>\n<\/tbody>\n<\/table>\n","protected":false},"excerpt":{"rendered":"<p>Das Revier ist von Kan\u00e4len umschlungen: N\u00f6rdlich der Wesel-Datteln-Kanal, im Osten ein St\u00fcckchen Dortmund-Ems-Kanal, der Rhein Herne-Kanal im S\u00fcden, den westlichen Rahmen bildet der Rhein. Damit nicht genug, namensgebend dazu die Ruhr im S\u00fcdwesten sowie Datteln-Hamm-Kanal Richtung Osten und das letzte St\u00fcck DEK gen Dortmund. Mit dem Fahrrad haben bestimmt schon viele die Ufer erkundet, [&hellip;]<\/p>\n","protected":false},"author":1,"featured_media":0,"parent":0,"menu_order":0,"comment_status":"closed","ping_status":"closed","template":"","meta":{"footnotes":""},"categories":[3],"tags":[5,8,6,11,9,10,7],"class_list":["post-10","page","type-page","status-publish","hentry","category-information","tag-boot","tag-bootscharter","tag-bootsvermietung","tag-sloep","tag-sportboot","tag-tuckerboot","tag-yachtcharter"],"_links":{"self":[{"href":"https:\/\/kanaltouren.de\/index.php?rest_route=\/wp\/v2\/pages\/10","targetHints":{"allow":["GET"]}}],"collection":[{"href":"https:\/\/kanaltouren.de\/index.php?rest_route=\/wp\/v2\/pages"}],"about":[{"href":"https:\/\/kanaltouren.de\/index.php?rest_route=\/wp\/v2\/types\/page"}],"author":[{"embeddable":true,"href":"https:\/\/kanaltouren.de\/index.php?rest_route=\/wp\/v2\/users\/1"}],"replies":[{"embeddable":true,"href":"https:\/\/kanaltouren.de\/index.php?rest_route=%2Fwp%2Fv2%2Fcomments&post=10"}],"version-history":[{"count":25,"href":"https:\/\/kanaltouren.de\/index.php?rest_route=\/wp\/v2\/pages\/10\/revisions"}],"predecessor-version":[{"id":155,"href":"https:\/\/kanaltouren.de\/index.php?rest_route=\/wp\/v2\/pages\/10\/revisions\/155"}],"wp:attachment":[{"href":"https:\/\/kanaltouren.de\/index.php?rest_route=%2Fwp%2Fv2%2Fmedia&parent=10"}],"wp:term":[{"taxonomy":"category","embeddable":true,"href":"https:\/\/kanaltouren.de\/index.php?rest_route=%2Fwp%2Fv2%2Fcategories&post=10"},{"taxonomy":"post_tag","embeddable":true,"href":"https:\/\/kanaltouren.de\/index.php?rest_route=%2Fwp%2Fv2%2Ftags&post=10"}],"curies":[{"name":"wp","href":"https:\/\/api.w.org\/{rel}","templated":true}]}}